{"id":87,"date":"2020-03-05T13:51:23","date_gmt":"2020-03-05T13:51:23","guid":{"rendered":"http:\/\/wp.hellekamps.de\/?page_id=87"},"modified":"2020-06-12T13:41:16","modified_gmt":"2020-06-12T13:41:16","slug":"floristik","status":"publish","type":"page","link":"http:\/\/www.hellekamps.de\/?page_id=87","title":{"rendered":"Floristik"},"content":{"rendered":"\n<p class=\"has-medium-font-size\"><strong>Floristik<\/strong><\/p>\n\n\n\n<p>Passende und individuelle Dekorationen und Arrangements f\u00fcr jede Gelegenheit&nbsp;fertigen wir ganz nach Ihren W\u00fcnschen.<\/p>\n\n\n\n<p>Egal ob:<\/p>\n\n\n\n<ul class=\"wp-block-list\"><li>Hochzeit<\/li><li>Kommunion<\/li><li>Geburtstag<\/li><li>Jubil\u00e4um<\/li><li>oder andere Feierlichkeiten<\/li><\/ul>\n\n\n\n<p>Wir helfen Ihrem Fest den passenden floralen Glanz zu verleihen. Bitte sprechen Sie uns an.<\/p>\n\n\n\n<figure class=\"wp-block-gallery columns-3 is-cropped wp-block-gallery-1 is-layout-flex wp-block-gallery-is-layout-flex\"><ul class=\"blocks-gallery-grid\"><li class=\"blocks-gallery-item\"><figure><a href=\"http:\/\/wp.hellekamps.de\/wp-content\/uploads\/2020\/03\/DSC_6416.jpg\"><img loading=\"lazy\" decoding=\"async\" width=\"1024\" height=\"682\" src=\"http:\/\/wp.hellekamps.de\/wp-content\/uploads\/2020\/03\/DSC_6416.jpg\" alt=\"\" data-id=\"88\" data-full-url=\"http:\/\/wp.hellekamps.de\/wp-content\/uploads\/2020\/03\/DSC_6416.jpg\" data-link=\"http:\/\/wp.hellekamps.de\/?attachment_id=88\" class=\"wp-image-88\" srcset=\"http:\/\/www.hellekamps.de\/wp-content\/uploads\/2020\/03\/DSC_6416.jpg 1024w, http:\/\/www.hellekamps.de\/wp-content\/uploads\/2020\/03\/DSC_6416-300x200.jpg 300w, http:\/\/www.hellekamps.de\/wp-content\/uploads\/2020\/03\/DSC_6416-768x512.jpg 768w\" sizes=\"auto, (max-width: 1024px) 100vw, 1024px\" \/><\/a><\/figure><\/li><li class=\"blocks-gallery-item\"><figure><a href=\"http:\/\/wp.hellekamps.de\/wp-content\/uploads\/2020\/03\/1.jpg\"><img loading=\"lazy\" decoding=\"async\" width=\"452\" height=\"683\" src=\"http:\/\/wp.hellekamps.de\/wp-content\/uploads\/2020\/03\/1.jpg\" alt=\"\" data-id=\"89\" data-full-url=\"http:\/\/wp.hellekamps.de\/wp-content\/uploads\/2020\/03\/1.jpg\" data-link=\"http:\/\/wp.hellekamps.de\/?attachment_id=89\" class=\"wp-image-89\" srcset=\"http:\/\/www.hellekamps.de\/wp-content\/uploads\/2020\/03\/1.jpg 452w, http:\/\/www.hellekamps.de\/wp-content\/uploads\/2020\/03\/1-199x300.jpg 199w\" sizes=\"auto, (max-width: 452px) 100vw, 452px\" \/><\/a><\/figure><\/li><li class=\"blocks-gallery-item\"><figure><a href=\"http:\/\/wp.hellekamps.de\/wp-content\/uploads\/2020\/03\/DSC_6113.jpg\"><img loading=\"lazy\" decoding=\"async\" width=\"511\" height=\"768\" src=\"http:\/\/wp.hellekamps.de\/wp-content\/uploads\/2020\/03\/DSC_6113.jpg\" alt=\"\" data-id=\"90\" data-full-url=\"http:\/\/wp.hellekamps.de\/wp-content\/uploads\/2020\/03\/DSC_6113.jpg\" data-link=\"http:\/\/wp.hellekamps.de\/?attachment_id=90\" class=\"wp-image-90\" srcset=\"http:\/\/www.hellekamps.de\/wp-content\/uploads\/2020\/03\/DSC_6113.jpg 511w, http:\/\/www.hellekamps.de\/wp-content\/uploads\/2020\/03\/DSC_6113-200x300.jpg 200w\" sizes=\"auto, (max-width: 511px) 100vw, 511px\" \/><\/a><\/figure><\/li><li class=\"blocks-gallery-item\"><figure><a href=\"http:\/\/wp.hellekamps.de\/wp-content\/uploads\/2020\/03\/DSC_6412.jpg\"><img loading=\"lazy\" decoding=\"async\" width=\"511\" height=\"768\" src=\"http:\/\/wp.hellekamps.de\/wp-content\/uploads\/2020\/03\/DSC_6412.jpg\" alt=\"\" data-id=\"91\" data-full-url=\"http:\/\/wp.hellekamps.de\/wp-content\/uploads\/2020\/03\/DSC_6412.jpg\" data-link=\"http:\/\/wp.hellekamps.de\/?attachment_id=91\" class=\"wp-image-91\" srcset=\"http:\/\/www.hellekamps.de\/wp-content\/uploads\/2020\/03\/DSC_6412.jpg 511w, http:\/\/www.hellekamps.de\/wp-content\/uploads\/2020\/03\/DSC_6412-200x300.jpg 200w\" sizes=\"auto, (max-width: 511px) 100vw, 511px\" \/><\/a><\/figure><\/li><li class=\"blocks-gallery-item\"><figure><a href=\"http:\/\/wp.hellekamps.de\/wp-content\/uploads\/2020\/03\/DSC_6855.jpg\"><img loading=\"lazy\" decoding=\"async\" width=\"511\" height=\"768\" src=\"http:\/\/wp.hellekamps.de\/wp-content\/uploads\/2020\/03\/DSC_6855.jpg\" alt=\"\" data-id=\"92\" data-full-url=\"http:\/\/wp.hellekamps.de\/wp-content\/uploads\/2020\/03\/DSC_6855.jpg\" data-link=\"http:\/\/wp.hellekamps.de\/?attachment_id=92\" class=\"wp-image-92\" srcset=\"http:\/\/www.hellekamps.de\/wp-content\/uploads\/2020\/03\/DSC_6855.jpg 511w, http:\/\/www.hellekamps.de\/wp-content\/uploads\/2020\/03\/DSC_6855-200x300.jpg 200w\" sizes=\"auto, (max-width: 511px) 100vw, 511px\" \/><\/a><\/figure><\/li><li class=\"blocks-gallery-item\"><figure><a href=\"http:\/\/wp.hellekamps.de\/wp-content\/uploads\/2020\/03\/DSC_6859.jpg\"><img loading=\"lazy\" decoding=\"async\" width=\"511\" height=\"768\" src=\"http:\/\/wp.hellekamps.de\/wp-content\/uploads\/2020\/03\/DSC_6859.jpg\" alt=\"\" data-id=\"93\" data-full-url=\"http:\/\/wp.hellekamps.de\/wp-content\/uploads\/2020\/03\/DSC_6859.jpg\" data-link=\"http:\/\/wp.hellekamps.de\/?attachment_id=93\" class=\"wp-image-93\" srcset=\"http:\/\/www.hellekamps.de\/wp-content\/uploads\/2020\/03\/DSC_6859.jpg 511w, http:\/\/www.hellekamps.de\/wp-content\/uploads\/2020\/03\/DSC_6859-200x300.jpg 200w\" sizes=\"auto, (max-width: 511px) 100vw, 511px\" \/><\/a><\/figure><\/li><li class=\"blocks-gallery-item\"><figure><a href=\"http:\/\/wp.hellekamps.de\/wp-content\/uploads\/2020\/03\/IMG_0120.jpg\"><img loading=\"lazy\" decoding=\"async\" width=\"512\" height=\"768\" src=\"http:\/\/wp.hellekamps.de\/wp-content\/uploads\/2020\/03\/IMG_0120.jpg\" alt=\"\" data-id=\"94\" data-full-url=\"http:\/\/wp.hellekamps.de\/wp-content\/uploads\/2020\/03\/IMG_0120.jpg\" data-link=\"http:\/\/wp.hellekamps.de\/?attachment_id=94\" class=\"wp-image-94\" srcset=\"http:\/\/www.hellekamps.de\/wp-content\/uploads\/2020\/03\/IMG_0120.jpg 512w, http:\/\/www.hellekamps.de\/wp-content\/uploads\/2020\/03\/IMG_0120-200x300.jpg 200w\" sizes=\"auto, (max-width: 512px) 100vw, 512px\" \/><\/a><\/figure><\/li><li class=\"blocks-gallery-item\"><figure><a href=\"http:\/\/wp.hellekamps.de\/wp-content\/uploads\/2020\/03\/IMG_0121.jpg\"><img loading=\"lazy\" decoding=\"async\" width=\"1024\" height=\"683\" src=\"http:\/\/wp.hellekamps.de\/wp-content\/uploads\/2020\/03\/IMG_0121.jpg\" alt=\"\" data-id=\"95\" data-full-url=\"http:\/\/wp.hellekamps.de\/wp-content\/uploads\/2020\/03\/IMG_0121.jpg\" data-link=\"http:\/\/wp.hellekamps.de\/?attachment_id=95\" class=\"wp-image-95\" srcset=\"http:\/\/www.hellekamps.de\/wp-content\/uploads\/2020\/03\/IMG_0121.jpg 1024w, http:\/\/www.hellekamps.de\/wp-content\/uploads\/2020\/03\/IMG_0121-300x200.jpg 300w, http:\/\/www.hellekamps.de\/wp-content\/uploads\/2020\/03\/IMG_0121-768x512.jpg 768w\" sizes=\"auto, (max-width: 1024px) 100vw, 1024px\" \/><\/a><\/figure><\/li><li class=\"blocks-gallery-item\"><figure><a href=\"http:\/\/wp.hellekamps.de\/wp-content\/uploads\/2020\/03\/IMG_0123.jpg\"><img loading=\"lazy\" decoding=\"async\" width=\"512\" height=\"768\" src=\"http:\/\/wp.hellekamps.de\/wp-content\/uploads\/2020\/03\/IMG_0123.jpg\" alt=\"\" data-id=\"96\" data-full-url=\"http:\/\/wp.hellekamps.de\/wp-content\/uploads\/2020\/03\/IMG_0123.jpg\" data-link=\"http:\/\/wp.hellekamps.de\/?attachment_id=96\" class=\"wp-image-96\" srcset=\"http:\/\/www.hellekamps.de\/wp-content\/uploads\/2020\/03\/IMG_0123.jpg 512w, http:\/\/www.hellekamps.de\/wp-content\/uploads\/2020\/03\/IMG_0123-200x300.jpg 200w\" sizes=\"auto, (max-width: 512px) 100vw, 512px\" \/><\/a><\/figure><\/li><li class=\"blocks-gallery-item\"><figure><a href=\"http:\/\/wp.hellekamps.de\/wp-content\/uploads\/2020\/03\/IMG_0128.jpg\"><img loading=\"lazy\" decoding=\"async\" width=\"512\" height=\"768\" src=\"http:\/\/wp.hellekamps.de\/wp-content\/uploads\/2020\/03\/IMG_0128.jpg\" alt=\"\" data-id=\"97\" data-full-url=\"http:\/\/wp.hellekamps.de\/wp-content\/uploads\/2020\/03\/IMG_0128.jpg\" data-link=\"http:\/\/wp.hellekamps.de\/?attachment_id=97\" class=\"wp-image-97\" srcset=\"http:\/\/www.hellekamps.de\/wp-content\/uploads\/2020\/03\/IMG_0128.jpg 512w, http:\/\/www.hellekamps.de\/wp-content\/uploads\/2020\/03\/IMG_0128-200x300.jpg 200w\" sizes=\"auto, (max-width: 512px) 100vw, 512px\" \/><\/a><\/figure><\/li><li class=\"blocks-gallery-item\"><figure><a href=\"http:\/\/wp.hellekamps.de\/wp-content\/uploads\/2020\/03\/IMG_0131.jpg\"><img loading=\"lazy\" decoding=\"async\" width=\"1024\" height=\"683\" src=\"http:\/\/wp.hellekamps.de\/wp-content\/uploads\/2020\/03\/IMG_0131.jpg\" alt=\"\" data-id=\"98\" data-full-url=\"http:\/\/wp.hellekamps.de\/wp-content\/uploads\/2020\/03\/IMG_0131.jpg\" data-link=\"http:\/\/wp.hellekamps.de\/?attachment_id=98\" class=\"wp-image-98\" srcset=\"http:\/\/www.hellekamps.de\/wp-content\/uploads\/2020\/03\/IMG_0131.jpg 1024w, http:\/\/www.hellekamps.de\/wp-content\/uploads\/2020\/03\/IMG_0131-300x200.jpg 300w, http:\/\/www.hellekamps.de\/wp-content\/uploads\/2020\/03\/IMG_0131-768x512.jpg 768w\" sizes=\"auto, (max-width: 1024px) 100vw, 1024px\" \/><\/a><\/figure><\/li><li class=\"blocks-gallery-item\"><figure><a href=\"http:\/\/wp.hellekamps.de\/wp-content\/uploads\/2020\/03\/IMG_0132.jpg\"><img loading=\"lazy\" decoding=\"async\" width=\"683\" height=\"1024\" src=\"http:\/\/wp.hellekamps.de\/wp-content\/uploads\/2020\/03\/IMG_0132.jpg\" alt=\"\" data-id=\"99\" data-full-url=\"http:\/\/wp.hellekamps.de\/wp-content\/uploads\/2020\/03\/IMG_0132.jpg\" data-link=\"http:\/\/wp.hellekamps.de\/?attachment_id=99\" class=\"wp-image-99\" srcset=\"http:\/\/www.hellekamps.de\/wp-content\/uploads\/2020\/03\/IMG_0132.jpg 683w, http:\/\/www.hellekamps.de\/wp-content\/uploads\/2020\/03\/IMG_0132-200x300.jpg 200w\" sizes=\"auto, (max-width: 683px) 100vw, 683px\" \/><\/a><\/figure><\/li><li class=\"blocks-gallery-item\"><figure><a href=\"http:\/\/wp.hellekamps.de\/wp-content\/uploads\/2020\/03\/IMG_0134.jpg\"><img loading=\"lazy\" decoding=\"async\" width=\"1024\" height=\"683\" src=\"http:\/\/wp.hellekamps.de\/wp-content\/uploads\/2020\/03\/IMG_0134.jpg\" alt=\"\" data-id=\"100\" data-full-url=\"http:\/\/wp.hellekamps.de\/wp-content\/uploads\/2020\/03\/IMG_0134.jpg\" data-link=\"http:\/\/wp.hellekamps.de\/?attachment_id=100\" class=\"wp-image-100\" srcset=\"http:\/\/www.hellekamps.de\/wp-content\/uploads\/2020\/03\/IMG_0134.jpg 1024w, http:\/\/www.hellekamps.de\/wp-content\/uploads\/2020\/03\/IMG_0134-300x200.jpg 300w, http:\/\/www.hellekamps.de\/wp-content\/uploads\/2020\/03\/IMG_0134-768x512.jpg 768w\" sizes=\"auto, (max-width: 1024px) 100vw, 1024px\" \/><\/a><\/figure><\/li><li class=\"blocks-gallery-item\"><figure><a href=\"http:\/\/wp.hellekamps.de\/wp-content\/uploads\/2020\/03\/IMG_0137.jpg\"><img loading=\"lazy\" decoding=\"async\" width=\"683\" height=\"1024\" src=\"http:\/\/wp.hellekamps.de\/wp-content\/uploads\/2020\/03\/IMG_0137.jpg\" alt=\"\" data-id=\"101\" data-full-url=\"http:\/\/wp.hellekamps.de\/wp-content\/uploads\/2020\/03\/IMG_0137.jpg\" data-link=\"http:\/\/wp.hellekamps.de\/?attachment_id=101\" class=\"wp-image-101\" srcset=\"http:\/\/www.hellekamps.de\/wp-content\/uploads\/2020\/03\/IMG_0137.jpg 683w, http:\/\/www.hellekamps.de\/wp-content\/uploads\/2020\/03\/IMG_0137-200x300.jpg 200w\" sizes=\"auto, (max-width: 683px) 100vw, 683px\" \/><\/a><\/figure><\/li><li class=\"blocks-gallery-item\"><figure><a href=\"http:\/\/wp.hellekamps.de\/wp-content\/uploads\/2020\/03\/IMG_0142.jpg\"><img loading=\"lazy\" decoding=\"async\" width=\"1024\" height=\"683\" src=\"http:\/\/wp.hellekamps.de\/wp-content\/uploads\/2020\/03\/IMG_0142.jpg\" alt=\"\" data-id=\"102\" data-full-url=\"http:\/\/wp.hellekamps.de\/wp-content\/uploads\/2020\/03\/IMG_0142.jpg\" data-link=\"http:\/\/wp.hellekamps.de\/?attachment_id=102\" class=\"wp-image-102\" srcset=\"http:\/\/www.hellekamps.de\/wp-content\/uploads\/2020\/03\/IMG_0142.jpg 1024w, http:\/\/www.hellekamps.de\/wp-content\/uploads\/2020\/03\/IMG_0142-300x200.jpg 300w, http:\/\/www.hellekamps.de\/wp-content\/uploads\/2020\/03\/IMG_0142-768x512.jpg 768w\" sizes=\"auto, (max-width: 1024px) 100vw, 1024px\" \/><\/a><\/figure><\/li><li class=\"blocks-gallery-item\"><figure><a href=\"http:\/\/wp.hellekamps.de\/wp-content\/uploads\/2020\/03\/IMG_0143.jpg\"><img loading=\"lazy\" decoding=\"async\" width=\"1024\" height=\"683\" src=\"http:\/\/wp.hellekamps.de\/wp-content\/uploads\/2020\/03\/IMG_0143.jpg\" alt=\"\" data-id=\"103\" data-full-url=\"http:\/\/wp.hellekamps.de\/wp-content\/uploads\/2020\/03\/IMG_0143.jpg\" data-link=\"http:\/\/wp.hellekamps.de\/?attachment_id=103\" class=\"wp-image-103\" srcset=\"http:\/\/www.hellekamps.de\/wp-content\/uploads\/2020\/03\/IMG_0143.jpg 1024w, http:\/\/www.hellekamps.de\/wp-content\/uploads\/2020\/03\/IMG_0143-300x200.jpg 300w, http:\/\/www.hellekamps.de\/wp-content\/uploads\/2020\/03\/IMG_0143-768x512.jpg 768w\" sizes=\"auto, (max-width: 1024px) 100vw, 1024px\" \/><\/a><\/figure><\/li><li class=\"blocks-gallery-item\"><figure><a href=\"http:\/\/wp.hellekamps.de\/wp-content\/uploads\/2020\/03\/IMG_0167.jpg\"><img loading=\"lazy\" decoding=\"async\" width=\"683\" height=\"1024\" src=\"http:\/\/wp.hellekamps.de\/wp-content\/uploads\/2020\/03\/IMG_0167.jpg\" alt=\"\" data-id=\"104\" data-full-url=\"http:\/\/wp.hellekamps.de\/wp-content\/uploads\/2020\/03\/IMG_0167.jpg\" data-link=\"http:\/\/wp.hellekamps.de\/?attachment_id=104\" class=\"wp-image-104\" srcset=\"http:\/\/www.hellekamps.de\/wp-content\/uploads\/2020\/03\/IMG_0167.jpg 683w, http:\/\/www.hellekamps.de\/wp-content\/uploads\/2020\/03\/IMG_0167-200x300.jpg 200w\" sizes=\"auto, (max-width: 683px) 100vw, 683px\" \/><\/a><\/figure><\/li><li class=\"blocks-gallery-item\"><figure><a href=\"http:\/\/wp.hellekamps.de\/wp-content\/uploads\/2020\/03\/IMG_0171.jpg\"><img loading=\"lazy\" decoding=\"async\" width=\"683\" height=\"1024\" src=\"http:\/\/wp.hellekamps.de\/wp-content\/uploads\/2020\/03\/IMG_0171.jpg\" alt=\"\" data-id=\"105\" data-full-url=\"http:\/\/wp.hellekamps.de\/wp-content\/uploads\/2020\/03\/IMG_0171.jpg\" data-link=\"http:\/\/wp.hellekamps.de\/?attachment_id=105\" class=\"wp-image-105\" srcset=\"http:\/\/www.hellekamps.de\/wp-content\/uploads\/2020\/03\/IMG_0171.jpg 683w, http:\/\/www.hellekamps.de\/wp-content\/uploads\/2020\/03\/IMG_0171-200x300.jpg 200w\" sizes=\"auto, (max-width: 683px) 100vw, 683px\" \/><\/a><\/figure><\/li><li class=\"blocks-gallery-item\"><figure><a href=\"http:\/\/wp.hellekamps.de\/wp-content\/uploads\/2020\/03\/IMG_1295.jpg\"><img loading=\"lazy\" decoding=\"async\" width=\"1024\" height=\"683\" src=\"http:\/\/wp.hellekamps.de\/wp-content\/uploads\/2020\/03\/IMG_1295.jpg\" alt=\"\" data-id=\"106\" data-full-url=\"http:\/\/wp.hellekamps.de\/wp-content\/uploads\/2020\/03\/IMG_1295.jpg\" data-link=\"http:\/\/wp.hellekamps.de\/?attachment_id=106\" class=\"wp-image-106\" srcset=\"http:\/\/www.hellekamps.de\/wp-content\/uploads\/2020\/03\/IMG_1295.jpg 1024w, http:\/\/www.hellekamps.de\/wp-content\/uploads\/2020\/03\/IMG_1295-300x200.jpg 300w, http:\/\/www.hellekamps.de\/wp-content\/uploads\/2020\/03\/IMG_1295-768x512.jpg 768w\" sizes=\"auto, (max-width: 1024px) 100vw, 1024px\" \/><\/a><\/figure><\/li><li class=\"blocks-gallery-item\"><figure><a href=\"http:\/\/wp.hellekamps.de\/wp-content\/uploads\/2020\/03\/IMG_1296.jpg\"><img loading=\"lazy\" decoding=\"async\" width=\"1024\" height=\"683\" src=\"http:\/\/wp.hellekamps.de\/wp-content\/uploads\/2020\/03\/IMG_1296.jpg\" alt=\"\" data-id=\"107\" data-full-url=\"http:\/\/wp.hellekamps.de\/wp-content\/uploads\/2020\/03\/IMG_1296.jpg\" data-link=\"http:\/\/wp.hellekamps.de\/?attachment_id=107\" class=\"wp-image-107\" srcset=\"http:\/\/www.hellekamps.de\/wp-content\/uploads\/2020\/03\/IMG_1296.jpg 1024w, http:\/\/www.hellekamps.de\/wp-content\/uploads\/2020\/03\/IMG_1296-300x200.jpg 300w, http:\/\/www.hellekamps.de\/wp-content\/uploads\/2020\/03\/IMG_1296-768x512.jpg 768w\" sizes=\"auto, (max-width: 1024px) 100vw, 1024px\" \/><\/a><\/figure><\/li><\/ul><\/figure>\n","protected":false},"excerpt":{"rendered":"<p>Floristik Passende und individuelle Dekorationen und Arrangements f\u00fcr jede Gelegenheit&nbsp;fertigen wir ganz nach Ihren W\u00fcnschen. Egal ob: Hochzeit Kommunion Geburtstag Jubil\u00e4um oder andere Feierlichkeiten Wir helfen Ihrem Fest den passenden floralen Glanz zu verleihen. Bitte sprechen Sie uns an.<\/p>\n","protected":false},"author":1,"featured_media":277,"parent":0,"menu_order":0,"comment_status":"closed","ping_status":"closed","template":"","meta":{"footnotes":""},"class_list":["post-87","page","type-page","status-publish","has-post-thumbnail","hentry"],"_links":{"self":[{"href":"http:\/\/www.hellekamps.de\/index.php?rest_route=\/wp\/v2\/pages\/87","targetHints":{"allow":["GET"]}}],"collection":[{"href":"http:\/\/www.hellekamps.de\/index.php?rest_route=\/wp\/v2\/pages"}],"about":[{"href":"http:\/\/www.hellekamps.de\/index.php?rest_route=\/wp\/v2\/types\/page"}],"author":[{"embeddable":true,"href":"http:\/\/www.hellekamps.de\/index.php?rest_route=\/wp\/v2\/users\/1"}],"replies":[{"embeddable":true,"href":"http:\/\/www.hellekamps.de\/index.php?rest_route=%2Fwp%2Fv2%2Fcomments&post=87"}],"version-history":[{"count":3,"href":"http:\/\/www.hellekamps.de\/index.php?rest_route=\/wp\/v2\/pages\/87\/revisions"}],"predecessor-version":[{"id":288,"href":"http:\/\/www.hellekamps.de\/index.php?rest_route=\/wp\/v2\/pages\/87\/revisions\/288"}],"wp:featuredmedia":[{"embeddable":true,"href":"http:\/\/www.hellekamps.de\/index.php?rest_route=\/wp\/v2\/media\/277"}],"wp:attachment":[{"href":"http:\/\/www.hellekamps.de\/index.php?rest_route=%2Fwp%2Fv2%2Fmedia&parent=87"}],"curies":[{"name":"wp","href":"https:\/\/api.w.org\/{rel}","templated":true}]}}