{"id":112,"date":"2020-03-05T13:58:45","date_gmt":"2020-03-05T13:58:45","guid":{"rendered":"http:\/\/wp.hellekamps.de\/?page_id=112"},"modified":"2020-06-11T18:51:07","modified_gmt":"2020-06-11T18:51:07","slug":"friedhofsgaertnerei","status":"publish","type":"page","link":"https:\/\/www.hellekamps.de\/?page_id=112","title":{"rendered":"Friedhofsg\u00e4rtnerei"},"content":{"rendered":"\n<p class=\"has-medium-font-size\"><strong>Friedhofsg\u00e4rtnerei<\/strong><\/p>\n\n\n\n<p>Wir sind mit unserem Team auf sechs Friedh\u00f6fen in Viersen und Umgebung aktiv.<\/p>\n\n\n\n<ul class=\"wp-block-list\"><li>Viersen an der L\u00f6h<\/li><li>Viersen Bockert<\/li><li>Viersen Helenabrunn<\/li><li>S\u00fcchteln<\/li><li>D\u00fclken<\/li><li>Boisheim<\/li><\/ul>\n\n\n\n<p>Die Gr\u00e4ber unserer Kunden pflegen wir ganzj\u00e4hrig. In den Wintermonaten sind wirgenauso regelm\u00e4\u00dfig an den Grabst\u00e4tten wie im Rest des Jahres.<\/p>\n\n\n\n<h4 class=\"wp-block-heading\">Grabpflege<\/h4>\n\n\n\n<p>Die zuverl\u00e4ssige Pflege eines Grabes ist unsere wichtigste Aufgabe. Dabei legen&nbsp;wir besonderen Wert auf die individuelle Gestaltung des Grabes oder Beetes nach Ihren Vorgaben.<\/p>\n\n\n\n<h4 class=\"wp-block-heading\">Jahrespflege<\/h4>\n\n\n\n<p>Zur Jahrespflege, mit der Sie uns einmal im Jahr beauftragen \u2013 laufende Vertr\u00e4ge werden automatisch verl\u00e4ngert \u2013 geh\u00f6ren die regelm\u00e4\u00dfige Grundpflege wie das&nbsp;Entfernen von Unkraut und Laub, das Gie\u00dfen und das Schneiden der Geh\u00f6lze und&nbsp;der Stauden. Bei Gr\u00e4bern ohne Bodendecker f\u00fcllen wir den Rindenmulch mehrfach im Jahr auf. Neben dieser Basispflege k\u00f6nnen Sie uns mit dem Bepflanzen des&nbsp;Saisonbeetes beauftragen. Dann gestalten wir f\u00fcr den Fr\u00fchling, den Sommer und<br>den Herbst das Blumenbeet auf dem Grab. Winterabdeckung Beet\/Grab?<\/p>\n\n\n\n<h4 class=\"wp-block-heading\">Neuanlagen<\/h4>\n\n\n\n<p>Nach einer Beisetzung muss sich die Erde auf dem Grab setzen, deshalb&nbsp;<br>bieten wir Ihnen f\u00fcr die ersten Monate bunte Blumenbeete mit Saisonpflanzen als \u00dcberbr\u00fcckung bis zur endg\u00fcltigen Gestaltung des Grabes an. Hat sich die Erde dann ausreichend gesetzt, ist Zeit f\u00fcr die Neuanlage. Damit sich die Pflanzen lange auf dem Grab halten, pflanzen wir Geh\u00f6lze und Stauden bevorzugt in den Monaten April und Mai sowie im August und September.<\/p>\n\n\n\n<h4 class=\"wp-block-heading\">Dienstleistungen<\/h4>\n\n\n\n<p>F\u00fcr viele Menschen ist die Pflege eines Grabes aktive Trauerarbeit. Wenn Ihnen bestimmte Arbeiten wie zum Beispiel das Gie\u00dfen oder Schneiden zu viel werden helfen wir Ihnen gern bei diesen Aufgaben. Grunds\u00e4tzlich k\u00f6nnen Sie jede Arbeit am Grab bei uns einzeln beauftragen \u2013 sprechen Sie unser Team auf dem Friedhof oder im Blumengesch\u00e4ft einfach an!<\/p>\n","protected":false},"excerpt":{"rendered":"<p>Friedhofsg\u00e4rtnerei Wir sind mit unserem Team auf sechs Friedh\u00f6fen in Viersen und Umgebung aktiv. Viersen an der L\u00f6h Viersen Bockert Viersen Helenabrunn S\u00fcchteln D\u00fclken Boisheim Die Gr\u00e4ber unserer Kunden pflegen wir ganzj\u00e4hrig. In den Wintermonaten sind wirgenauso regelm\u00e4\u00dfig an den Grabst\u00e4tten wie im Rest des Jahres. Grabpflege Die zuverl\u00e4ssige Pflege eines Grabes ist unsere wichtigste &hellip;<\/p>\n","protected":false},"author":1,"featured_media":118,"parent":0,"menu_order":0,"comment_status":"closed","ping_status":"closed","template":"","meta":{"footnotes":""},"class_list":["post-112","page","type-page","status-publish","has-post-thumbnail","hentry"],"_links":{"self":[{"href":"https:\/\/www.hellekamps.de\/index.php?rest_route=\/wp\/v2\/pages\/112","targetHints":{"allow":["GET"]}}],"collection":[{"href":"https:\/\/www.hellekamps.de\/index.php?rest_route=\/wp\/v2\/pages"}],"about":[{"href":"https:\/\/www.hellekamps.de\/index.php?rest_route=\/wp\/v2\/types\/page"}],"author":[{"embeddable":true,"href":"https:\/\/www.hellekamps.de\/index.php?rest_route=\/wp\/v2\/users\/1"}],"replies":[{"embeddable":true,"href":"https:\/\/www.hellekamps.de\/index.php?rest_route=%2Fwp%2Fv2%2Fcomments&post=112"}],"version-history":[{"count":3,"href":"https:\/\/www.hellekamps.de\/index.php?rest_route=\/wp\/v2\/pages\/112\/revisions"}],"predecessor-version":[{"id":265,"href":"https:\/\/www.hellekamps.de\/index.php?rest_route=\/wp\/v2\/pages\/112\/revisions\/265"}],"wp:featuredmedia":[{"embeddable":true,"href":"https:\/\/www.hellekamps.de\/index.php?rest_route=\/wp\/v2\/media\/118"}],"wp:attachment":[{"href":"https:\/\/www.hellekamps.de\/index.php?rest_route=%2Fwp%2Fv2%2Fmedia&parent=112"}],"curies":[{"name":"wp","href":"https:\/\/api.w.org\/{rel}","templated":true}]}}