{"id":135,"date":"2020-03-05T14:26:31","date_gmt":"2020-03-05T14:26:31","guid":{"rendered":"http:\/\/wp.hellekamps.de\/?page_id=135"},"modified":"2020-06-11T18:49:55","modified_gmt":"2020-06-11T18:49:55","slug":"dauergrabpflege","status":"publish","type":"page","link":"https:\/\/www.hellekamps.de\/?page_id=135","title":{"rendered":"Dauergrabpflege"},"content":{"rendered":"\n<p class=\"has-medium-font-size\"><strong>Dauergrabpflege<\/strong><\/p>\n\n\n\n<p>Mit der Dauergrabpflege machen wir Ihnen ein besonders bequemes Angebot zur&nbsp;Grabpflege: Sie schlie\u00dfen einmal mit uns und der Rheinischen Treuhandstelle f\u00fcr&nbsp;Dauergrabpflege, K\u00f6ln, einen Vertrag ab. Zu diesem Vertrag geh\u00f6rt die detaillierte&nbsp;Leistungsaufstellung nach Ihren W\u00fcnschen zur Pflege des Grabes.&nbsp;<\/p>\n\n\n\n<p>Nach Vertragsabschluss zahlen Sie die vereinbarte Summe auf ein Konto der Treuhandstelle ein \u2013 wir sorgen dann daf\u00fcr, dass Ihr Grab nach Ihren W\u00fcnschen gepflegt wird. Die Treuhandstelle kontrolliert unsere Arbeit mindestens einmal im Jahr. Damit haben Sie die Garantie, dass das&nbsp;Grab immer sorgf\u00e4ltig gepflegt ist. Dauergrabpflegevertr\u00e4ge werden f\u00fcr mindestens f\u00fcnf Jahre&nbsp;abgeschlossen, in der Regel laufen sie \u00fcber die gesamte Ruhezeit des Grabes.&nbsp;<\/p>\n\n\n\n<p>Ihre Vorteile: Dank des Vertrages mit der Treuhandstelle haben Sie die Sicherheit,&nbsp;dass Ihr Geld gut angelegt und ausschlie\u00dflich f\u00fcr Ihre Grabpflege verwendet wird.&nbsp;Weil die Treuhandstelle viele Vertr\u00e4ge verwaltet, schafft sie es mit solider Anlagepolitik,&nbsp;auch in diesem schwierigen Zeit so viele Zinsen zu erwirtschaften, das die Preissteigerungen&nbsp;im Laufe der Jahre aufgefangen werden.<\/p>\n\n\n\n<p>Dauergrabpflege ist kontrollierte Sicherheit \u2013 und f\u00fcr&nbsp;Sie das bequemste Angebot in Sachen Grabpflege. Selbstverst\u00e4ndlich k\u00f6nnen Sie einen Dauergrabpflegevertrag jederzeit abschlie\u00dfen. <\/p>\n\n\n\n<p>Einen Dauergrabpflegevertrag k\u00f6nnen Sie&nbsp;auch als Vorsorgevertrag abschlie\u00dfen \u2013 sprechen Sie uns einfach an, wir beraten Sie gern ausf\u00fchrlich!<\/p>\n","protected":false},"excerpt":{"rendered":"<p>Dauergrabpflege Mit der Dauergrabpflege machen wir Ihnen ein besonders bequemes Angebot zur&nbsp;Grabpflege: Sie schlie\u00dfen einmal mit uns und der Rheinischen Treuhandstelle f\u00fcr&nbsp;Dauergrabpflege, K\u00f6ln, einen Vertrag ab. Zu diesem Vertrag geh\u00f6rt die detaillierte&nbsp;Leistungsaufstellung nach Ihren W\u00fcnschen zur Pflege des Grabes.&nbsp; Nach Vertragsabschluss zahlen Sie die vereinbarte Summe auf ein Konto der Treuhandstelle ein \u2013 wir sorgen &hellip;<\/p>\n","protected":false},"author":1,"featured_media":127,"parent":0,"menu_order":0,"comment_status":"closed","ping_status":"closed","template":"","meta":{"footnotes":""},"class_list":["post-135","page","type-page","status-publish","has-post-thumbnail","hentry"],"_links":{"self":[{"href":"https:\/\/www.hellekamps.de\/index.php?rest_route=\/wp\/v2\/pages\/135","targetHints":{"allow":["GET"]}}],"collection":[{"href":"https:\/\/www.hellekamps.de\/index.php?rest_route=\/wp\/v2\/pages"}],"about":[{"href":"https:\/\/www.hellekamps.de\/index.php?rest_route=\/wp\/v2\/types\/page"}],"author":[{"embeddable":true,"href":"https:\/\/www.hellekamps.de\/index.php?rest_route=\/wp\/v2\/users\/1"}],"replies":[{"embeddable":true,"href":"https:\/\/www.hellekamps.de\/index.php?rest_route=%2Fwp%2Fv2%2Fcomments&post=135"}],"version-history":[{"count":6,"href":"https:\/\/www.hellekamps.de\/index.php?rest_route=\/wp\/v2\/pages\/135\/revisions"}],"predecessor-version":[{"id":263,"href":"https:\/\/www.hellekamps.de\/index.php?rest_route=\/wp\/v2\/pages\/135\/revisions\/263"}],"wp:featuredmedia":[{"embeddable":true,"href":"https:\/\/www.hellekamps.de\/index.php?rest_route=\/wp\/v2\/media\/127"}],"wp:attachment":[{"href":"https:\/\/www.hellekamps.de\/index.php?rest_route=%2Fwp%2Fv2%2Fmedia&parent=135"}],"curies":[{"name":"wp","href":"https:\/\/api.w.org\/{rel}","templated":true}]}}