{"id":139,"date":"2020-03-05T14:29:43","date_gmt":"2020-03-05T14:29:43","guid":{"rendered":"http:\/\/wp.hellekamps.de\/?page_id=139"},"modified":"2022-01-31T09:55:33","modified_gmt":"2022-01-31T09:55:33","slug":"impressum","status":"publish","type":"page","link":"https:\/\/www.hellekamps.de\/?page_id=139","title":{"rendered":"Impressum"},"content":{"rendered":"\n<p class=\"has-medium-font-size\"><strong>Impressum<\/strong><\/p>\n\n\n\n<p><strong>Friedhofsg\u00e4rtnerei und Blumenhaus Hellekamps-Rottler e.K.<\/strong><br>Klosterstr. 69<br>D-41747 Viersen<\/p>\n\n\n\n<p>Email: info@hellekamps.de<br>Webseite:&nbsp;<a href=\"http:\/\/www.hellekamps.de\/\">www.hellekamps.de<\/a><br>Telefon: 02162 \/ 12268<\/p>\n\n\n\n<p>UST-Id-Nr.: DE 276406185<\/p>\n\n\n\n<p><strong>Verantwortlich f\u00fcr redaktionelle Inhalte:<\/strong><br>Herr Karl Braun&nbsp;<\/p>\n\n\n\n<p><strong>Gestalterische Umsetzung:<br><\/strong>gestaltungswerk<br>Christoph Peters<br><a href=\"http:\/\/www.gestaltungswerk-peters.de\/\">www.gestaltungswerk-peters.de<\/a><\/p>\n\n\n\n<p><strong>Eintrag im Handelsregister<\/strong><br>Amtsgericht Moenchengladbach, HRA 6706<\/p>\n\n\n\n<p><strong>Verbraucher-Streitschlichtung<\/strong><br>Die EU-Kommission hat eine Internetplattform zur Online-Beilegung von&nbsp;<br>Streitigkeiten betreffend vertraglicher Verpflichtungen aus Online-Vertr\u00e4gen geschaffen&nbsp;(OS-Plattform). Sie k\u00f6nnen die OS-Plattform unter dem folgenden Link erreichen:&nbsp;<br><a href=\"http:\/\/ec.europa.eu\/consumers\/odr\/\">http:\/\/ec.europa.eu\/consumers\/odr\/<\/a>.&nbsp;<br>Wir sind nicht bereit und nicht verpflichtet an einem Streitbeilegungsverfahren vor einer Verbraucherschlichtungsstelle teilzunehmen.<\/p>\n\n\n\n<p><strong>Haftung f\u00fcr Links<\/strong><br>Externe Links unserer Internetseite f\u00fchren zu Inhalten fremder Anbieter. F\u00fcr diese Inhalte ist allein der jeweilige Anbieter verantwortlich. Bei bekannt werden von Rechtsverletzungen werden diese Links umgehend entfernt.<\/p>\n\n\n\n<p><strong>Urheberrechtshinweis<\/strong><br>Die durch uns erstellten Inhalte und Werke auf dieser Website unterliegen dem deutschen Urheberrecht. Die Vervielf\u00e4ltigung, Bearbeitung, Verbreitung und jede Art der Verwertung au\u00dferhalb der Grenzen des Urheberrechtes bed\u00fcrfen der schriftlichen Zustimmung des jeweiligen Autors bzw. Erstellers. Soweit die Inhalte auf dieser Seite nicht von uns selbst erstellt wurden, werden Urheberrechte Dritter beachtet. Insbesondere werden Inhalte Dritter als solche gekennzeichnet. Sollten Sie trotzdem auf eine Urheberrechtsverletzung aufmerksam werden, wird um einen entsprechenden Hinweis gebeten. Bei Bekanntwerden von Rechtsverletzungen werden wir derartige Inhalte umgehend entfernen.<\/p>\n\n\n\n<p>Copyright \u00a9 Friedhofsg\u00e4rtnerei und Blumenhaus Hellekamps-Rottler e.K. Inh. Karl Braun<\/p>\n","protected":false},"excerpt":{"rendered":"<p>Impressum Friedhofsg\u00e4rtnerei und Blumenhaus Hellekamps-Rottler e.K.Klosterstr. 69D-41747 Viersen Email: info@hellekamps.deWebseite:&nbsp;www.hellekamps.deTelefon: 02162 \/ 12268 UST-Id-Nr.: DE 276406185 Verantwortlich f\u00fcr redaktionelle Inhalte:Herr Karl Braun&nbsp; Gestalterische Umsetzung:gestaltungswerkChristoph Peterswww.gestaltungswerk-peters.de Eintrag im HandelsregisterAmtsgericht Moenchengladbach, HRA 6706 Verbraucher-StreitschlichtungDie EU-Kommission hat eine Internetplattform zur Online-Beilegung von&nbsp;Streitigkeiten betreffend vertraglicher Verpflichtungen aus Online-Vertr\u00e4gen geschaffen&nbsp;(OS-Plattform). Sie k\u00f6nnen die OS-Plattform unter dem folgenden Link erreichen:&nbsp;http:\/\/ec.europa.eu\/consumers\/odr\/.&nbsp;Wir sind &hellip;<\/p>\n","protected":false},"author":1,"featured_media":0,"parent":0,"menu_order":0,"comment_status":"closed","ping_status":"closed","template":"","meta":{"footnotes":""},"class_list":["post-139","page","type-page","status-publish","hentry"],"_links":{"self":[{"href":"https:\/\/www.hellekamps.de\/index.php?rest_route=\/wp\/v2\/pages\/139","targetHints":{"allow":["GET"]}}],"collection":[{"href":"https:\/\/www.hellekamps.de\/index.php?rest_route=\/wp\/v2\/pages"}],"about":[{"href":"https:\/\/www.hellekamps.de\/index.php?rest_route=\/wp\/v2\/types\/page"}],"author":[{"embeddable":true,"href":"https:\/\/www.hellekamps.de\/index.php?rest_route=\/wp\/v2\/users\/1"}],"replies":[{"embeddable":true,"href":"https:\/\/www.hellekamps.de\/index.php?rest_route=%2Fwp%2Fv2%2Fcomments&post=139"}],"version-history":[{"count":2,"href":"https:\/\/www.hellekamps.de\/index.php?rest_route=\/wp\/v2\/pages\/139\/revisions"}],"predecessor-version":[{"id":268,"href":"https:\/\/www.hellekamps.de\/index.php?rest_route=\/wp\/v2\/pages\/139\/revisions\/268"}],"wp:attachment":[{"href":"https:\/\/www.hellekamps.de\/index.php?rest_route=%2Fwp%2Fv2%2Fmedia&parent=139"}],"curies":[{"name":"wp","href":"https:\/\/api.w.org\/{rel}","templated":true}]}}