{"id":141,"date":"2020-03-05T14:32:00","date_gmt":"2020-03-05T14:32:00","guid":{"rendered":"http:\/\/wp.hellekamps.de\/?page_id=141"},"modified":"2021-05-06T09:28:20","modified_gmt":"2021-05-06T09:28:20","slug":"kontakt-und-anfahrt","status":"publish","type":"page","link":"https:\/\/www.hellekamps.de\/?page_id=141","title":{"rendered":"Kontakt und Anfahrt"},"content":{"rendered":"\n<p class=\"has-medium-font-size\"><strong>Kontakt und Anfahrt<\/strong><\/p>\n\n\n\n<p>So erreichen Sie uns&#8230;<\/p>\n\n\n\n<p>Unser Gesch\u00e4ft befindet sich auf dem Hoserkirchweg direkt gegen\u00fcber vom Portal des Viersener Friedhofs.<\/p>\n\n\n\n<p>Vom innerst\u00e4dtischen Erschlie\u00dfungsring folgen Sie einfach der Beschilderung &#8222;Krankenhaus&#8220;.&nbsp;<\/p>\n\n\n\n<figure><iframe loading=\"lazy\" src=\"https:\/\/www.google.com\/maps\/embed?pb=!1m18!1m12!1m3!1d1248.5971043051568!2d6.383784862698559!3d51.2523334805002!2m3!1f0!2f0!3f0!3m2!1i1024!2i768!4f13.1!3m3!1m2!1s0x0%3A0x819f36a2cd8a2883!2sFriedhofsg%C3%A4rtnerei+und+Blumenhaus+Hellekamps-Rottler+e.K.%2C+Inh.+Karl+Braun!5e0!3m2!1sde!2sde!4v1473783983711\" width=\"500\" height=\"300\" allowfullscreen=\"\"><\/iframe><\/figure>\n\n\n\n<div class=\"wp-block-image\"><figure class=\"alignleft size-large is-resized\"><img decoding=\"async\" src=\"http:\/\/wp.hellekamps.de\/wp-content\/uploads\/2020\/06\/Oeffnungszeiten-1024x853.png\" alt=\"\" class=\"wp-image-285\" width=\"500\" srcset=\"https:\/\/www.hellekamps.de\/wp-content\/uploads\/2020\/06\/Oeffnungszeiten-1024x853.png 1024w, https:\/\/www.hellekamps.de\/wp-content\/uploads\/2020\/06\/Oeffnungszeiten-300x250.png 300w, https:\/\/www.hellekamps.de\/wp-content\/uploads\/2020\/06\/Oeffnungszeiten-768x639.png 768w, https:\/\/www.hellekamps.de\/wp-content\/uploads\/2020\/06\/Oeffnungszeiten.png 1500w\" sizes=\"(max-width: 1024px) 100vw, 1024px\" \/><\/figure><\/div>\n\n\n\n<h4 class=\"wp-block-heading\">Postanschrift:<\/h4>\n\n\n\n<p><strong>Friedhofsg\u00e4rtnerei und Blumenhaus Hellekamps-Rottler e.K.<br><\/strong>Klosterstr. 69<br>D-41747 Viersen<\/p>\n\n\n\n<p>Telefon: 02162 12268<br>E-Mail: info@hellekamps.de<\/p>\n","protected":false},"excerpt":{"rendered":"<p>Kontakt und Anfahrt So erreichen Sie uns&#8230; Unser Gesch\u00e4ft befindet sich auf dem Hoserkirchweg direkt gegen\u00fcber vom Portal des Viersener Friedhofs. Vom innerst\u00e4dtischen Erschlie\u00dfungsring folgen Sie einfach der Beschilderung &#8222;Krankenhaus&#8220;.&nbsp; Postanschrift: Friedhofsg\u00e4rtnerei und Blumenhaus Hellekamps-Rottler e.K.Klosterstr. 69D-41747 Viersen Telefon: 02162 12268E-Mail: info@hellekamps.de<\/p>\n","protected":false},"author":1,"featured_media":0,"parent":0,"menu_order":0,"comment_status":"closed","ping_status":"closed","template":"","meta":{"footnotes":""},"class_list":["post-141","page","type-page","status-publish","hentry"],"_links":{"self":[{"href":"https:\/\/www.hellekamps.de\/index.php?rest_route=\/wp\/v2\/pages\/141","targetHints":{"allow":["GET"]}}],"collection":[{"href":"https:\/\/www.hellekamps.de\/index.php?rest_route=\/wp\/v2\/pages"}],"about":[{"href":"https:\/\/www.hellekamps.de\/index.php?rest_route=\/wp\/v2\/types\/page"}],"author":[{"embeddable":true,"href":"https:\/\/www.hellekamps.de\/index.php?rest_route=\/wp\/v2\/users\/1"}],"replies":[{"embeddable":true,"href":"https:\/\/www.hellekamps.de\/index.php?rest_route=%2Fwp%2Fv2%2Fcomments&post=141"}],"version-history":[{"count":6,"href":"https:\/\/www.hellekamps.de\/index.php?rest_route=\/wp\/v2\/pages\/141\/revisions"}],"predecessor-version":[{"id":292,"href":"https:\/\/www.hellekamps.de\/index.php?rest_route=\/wp\/v2\/pages\/141\/revisions\/292"}],"wp:attachment":[{"href":"https:\/\/www.hellekamps.de\/index.php?rest_route=%2Fwp%2Fv2%2Fmedia&parent=141"}],"curies":[{"name":"wp","href":"https:\/\/api.w.org\/{rel}","templated":true}]}}