{"id":20,"date":"2020-03-05T13:40:27","date_gmt":"2020-03-05T13:40:27","guid":{"rendered":"http:\/\/wp.hellekamps.de\/?page_id=20"},"modified":"2020-06-12T13:36:10","modified_gmt":"2020-06-12T13:36:10","slug":"herzlich-willkommen","status":"publish","type":"page","link":"https:\/\/www.hellekamps.de\/","title":{"rendered":"Herzlich Willkommen"},"content":{"rendered":"\n<p class=\"has-medium-font-size\"><strong>Herzlich Willkommen<\/strong><\/p>\n\n\n\n<p>Seit 1927 sind wir als G\u00e4rtner in Bereichen Floristik, G\u00e4rtnerei und Friedhofsg\u00e4rtnerei aktiv. Wir sind ein Familienbetrieb mit einem Stamm aus treuen und fachlich qualifizierten Mitarbeitern.<\/p>\n\n\n\n<p>F\u00fcr alle Fragen und W\u00fcnsche rund um Blumen und Pflanzen ist unser Team der richtige Ansprechpartner f\u00fcr Sie.<\/p>\n\n\n\n<p>Wir freuen uns auf Ihren Besuch!<\/p>\n\n\n\n<div class=\"wp-block-image\"><figure class=\"aligncenter size-large\"><img loading=\"lazy\" decoding=\"async\" width=\"500\" height=\"333\" src=\"http:\/\/wp.hellekamps.de\/wp-content\/uploads\/2020\/03\/Gruppenfoto.jpg\" alt=\"\" class=\"wp-image-21\" srcset=\"https:\/\/www.hellekamps.de\/wp-content\/uploads\/2020\/03\/Gruppenfoto.jpg 500w, https:\/\/www.hellekamps.de\/wp-content\/uploads\/2020\/03\/Gruppenfoto-300x200.jpg 300w\" sizes=\"auto, (max-width: 500px) 100vw, 500px\" \/><\/figure><\/div>\n\n\n\n<div class=\"wp-block-image\"><figure class=\"aligncenter size-large is-resized\"><img decoding=\"async\" src=\"http:\/\/wp.hellekamps.de\/wp-content\/uploads\/2020\/06\/Oeffnungszeiten-1024x853.png\" alt=\"\" class=\"wp-image-285\" width=\"500\" srcset=\"https:\/\/www.hellekamps.de\/wp-content\/uploads\/2020\/06\/Oeffnungszeiten-1024x853.png 1024w, https:\/\/www.hellekamps.de\/wp-content\/uploads\/2020\/06\/Oeffnungszeiten-300x250.png 300w, https:\/\/www.hellekamps.de\/wp-content\/uploads\/2020\/06\/Oeffnungszeiten-768x639.png 768w, https:\/\/www.hellekamps.de\/wp-content\/uploads\/2020\/06\/Oeffnungszeiten.png 1500w\" sizes=\"(max-width: 1024px) 100vw, 1024px\" \/><\/figure><\/div>\n","protected":false},"excerpt":{"rendered":"<p>Herzlich Willkommen Seit 1927 sind wir als G\u00e4rtner in Bereichen Floristik, G\u00e4rtnerei und Friedhofsg\u00e4rtnerei aktiv. Wir sind ein Familienbetrieb mit einem Stamm aus treuen und fachlich qualifizierten Mitarbeitern. F\u00fcr alle Fragen und W\u00fcnsche rund um Blumen und Pflanzen ist unser Team der richtige Ansprechpartner f\u00fcr Sie. Wir freuen uns auf Ihren Besuch!<\/p>\n","protected":false},"author":1,"featured_media":116,"parent":0,"menu_order":0,"comment_status":"closed","ping_status":"closed","template":"","meta":{"footnotes":""},"class_list":["post-20","page","type-page","status-publish","has-post-thumbnail","hentry"],"_links":{"self":[{"href":"https:\/\/www.hellekamps.de\/index.php?rest_route=\/wp\/v2\/pages\/20","targetHints":{"allow":["GET"]}}],"collection":[{"href":"https:\/\/www.hellekamps.de\/index.php?rest_route=\/wp\/v2\/pages"}],"about":[{"href":"https:\/\/www.hellekamps.de\/index.php?rest_route=\/wp\/v2\/types\/page"}],"author":[{"embeddable":true,"href":"https:\/\/www.hellekamps.de\/index.php?rest_route=\/wp\/v2\/users\/1"}],"replies":[{"embeddable":true,"href":"https:\/\/www.hellekamps.de\/index.php?rest_route=%2Fwp%2Fv2%2Fcomments&post=20"}],"version-history":[{"count":5,"href":"https:\/\/www.hellekamps.de\/index.php?rest_route=\/wp\/v2\/pages\/20\/revisions"}],"predecessor-version":[{"id":286,"href":"https:\/\/www.hellekamps.de\/index.php?rest_route=\/wp\/v2\/pages\/20\/revisions\/286"}],"wp:featuredmedia":[{"embeddable":true,"href":"https:\/\/www.hellekamps.de\/index.php?rest_route=\/wp\/v2\/media\/116"}],"wp:attachment":[{"href":"https:\/\/www.hellekamps.de\/index.php?rest_route=%2Fwp%2Fv2%2Fmedia&parent=20"}],"curies":[{"name":"wp","href":"https:\/\/api.w.org\/{rel}","templated":true}]}}